{"id":1284,"date":"2025-08-01T21:13:35","date_gmt":"2025-08-01T19:13:35","guid":{"rendered":"https:\/\/www.stluxury.fr\/?page_id=1284"},"modified":"2026-03-26T11:31:56","modified_gmt":"2026-03-26T10:31:56","slug":"savoir-faire-haute-conception","status":"publish","type":"page","link":"https:\/\/www.stluxury.fr\/en\/savoir-faire-haute-conception\/","title":{"rendered":"Version 2025 &#8211; Savoir-Faire Haute-Conception &#8211; V1"},"content":{"rendered":"<div style=\"height:100px\" aria-hidden=\"true\" class=\"wp-block-spacer\"><\/div>\n\n\n\n<h1 class=\"wp-block-heading has-text-align-center\"><em>SAVOIR-FAIRE HAUTE-CONCEPTION<\/em><\/h1>\n\n\n\n<div style=\"height:100px\" aria-hidden=\"true\" class=\"wp-block-spacer\"><\/div>\n\n\n\n<div style=\"height:100px\" aria-hidden=\"true\" class=\"wp-block-spacer\"><\/div>\n\n\n\n<div class=\"wp-block-media-text has-media-on-the-right is-stacked-on-mobile\"><div class=\"wp-block-media-text__content\">\n<p><em>Depuis plus de trente ans, un savoir-faire issu de l\u2019a\u00e9ronautique fa\u00e7onne notre vision de l\u2019excellence. H\u00e9rit\u00e9e des plus hauts standards de l\u2019aviation, cette expertise rigoureuse conf\u00e8re \u00e0 nos cr\u00e9ations une robustesse inalt\u00e9rable, une fiabilit\u00e9 constante et une exceptionnelle ma\u00eetrise du temps.<\/em><\/p>\n\n\n\n<div style=\"height:100px\" aria-hidden=\"true\" class=\"wp-block-spacer\"><\/div>\n\n\n\n<p><em>Chaque structure, chaque assemblage, chaque ligne suit les m\u00eames exigences de conception et de contr\u00f4le que celles appliqu\u00e9es aux pi\u00e8ces les plus complexes d\u2019un appareil en vol. Rien n\u2019est laiss\u00e9 au hasard : les tol\u00e9rances sont pr\u00e9cises, les mat\u00e9riaux \u00e9prouv\u00e9s, les gestes s\u00fbrs.<\/em><\/p>\n\n\n\n<div style=\"height:100px\" aria-hidden=\"true\" class=\"wp-block-spacer\"><\/div>\n<\/div><figure class=\"wp-block-media-text__media\"><img loading=\"lazy\" decoding=\"async\" width=\"1024\" height=\"998\" src=\"https:\/\/www.stluxury.fr\/wp-content\/uploads\/ST001-VISUEL-SITE--e1753884195902-1024x998.png\" alt=\"\" class=\"wp-image-1288 size-full\" srcset=\"https:\/\/www.stluxury.fr\/wp-content\/uploads\/ST001-VISUEL-SITE--e1753884195902-1024x998.png 1024w, https:\/\/www.stluxury.fr\/wp-content\/uploads\/ST001-VISUEL-SITE--e1753884195902-500x488.png 500w, https:\/\/www.stluxury.fr\/wp-content\/uploads\/ST001-VISUEL-SITE--e1753884195902-900x878.png 900w, https:\/\/www.stluxury.fr\/wp-content\/uploads\/ST001-VISUEL-SITE--e1753884195902-300x293.png 300w, https:\/\/www.stluxury.fr\/wp-content\/uploads\/ST001-VISUEL-SITE--e1753884195902-150x146.png 150w, https:\/\/www.stluxury.fr\/wp-content\/uploads\/ST001-VISUEL-SITE--e1753884195902-768x749.png 768w, https:\/\/www.stluxury.fr\/wp-content\/uploads\/ST001-VISUEL-SITE--e1753884195902-12x12.png 12w, https:\/\/www.stluxury.fr\/wp-content\/uploads\/ST001-VISUEL-SITE--e1753884195902.png 1080w\" sizes=\"auto, (max-width: 1024px) 100vw, 1024px\" \/><\/figure><\/div>\n\n\n\n<div style=\"height:100px\" aria-hidden=\"true\" class=\"wp-block-spacer\"><\/div>\n\n\n\n<div class=\"wp-block-group is-nowrap is-layout-flex wp-container-core-group-is-layout-ad2f72ca wp-block-group-is-layout-flex\">\n<div style=\"height:100px;width:0px\" aria-hidden=\"true\" class=\"wp-block-spacer wp-container-content-6388d5dc\"><\/div>\n\n\n\n<p class=\"has-text-align-center\" style=\"font-style:italic;font-weight:400\"><em>N\u00e9es de l\u2019alliance entre la rigueur de l\u2019ing\u00e9nieur et la sensibilit\u00e9 des ma\u00eetres artisans d\u2019art, nos malles de haute conception incarnent une qu\u00eate rare : celle d\u2019un \u00e9quilibre subtil entre exigence technique et expression esth\u00e9tique.<\/em><\/p>\n\n\n\n<div style=\"height:100px;width:0px\" aria-hidden=\"true\" class=\"wp-block-spacer wp-container-content-6388d5dc\"><\/div>\n<\/div>\n\n\n\n<div style=\"height:100px\" aria-hidden=\"true\" class=\"wp-block-spacer\"><\/div>\n\n\n\n<div style=\"height:100px\" aria-hidden=\"true\" class=\"wp-block-spacer\"><\/div>\n\n\n\n<div class=\"wp-block-media-text is-stacked-on-mobile\" style=\"grid-template-columns:42% auto\"><figure class=\"wp-block-media-text__media\"><img loading=\"lazy\" decoding=\"async\" width=\"819\" height=\"1024\" src=\"https:\/\/www.stluxury.fr\/wp-content\/uploads\/VISUEL-SITE-STL-INNOVATIONS-TECHNOLOGIQUES--819x1024.png\" alt=\"\" class=\"wp-image-1295 size-full\" srcset=\"https:\/\/www.stluxury.fr\/wp-content\/uploads\/VISUEL-SITE-STL-INNOVATIONS-TECHNOLOGIQUES--819x1024.png 819w, https:\/\/www.stluxury.fr\/wp-content\/uploads\/VISUEL-SITE-STL-INNOVATIONS-TECHNOLOGIQUES--500x625.png 500w, https:\/\/www.stluxury.fr\/wp-content\/uploads\/VISUEL-SITE-STL-INNOVATIONS-TECHNOLOGIQUES--900x1125.png 900w, https:\/\/www.stluxury.fr\/wp-content\/uploads\/VISUEL-SITE-STL-INNOVATIONS-TECHNOLOGIQUES--240x300.png 240w, https:\/\/www.stluxury.fr\/wp-content\/uploads\/VISUEL-SITE-STL-INNOVATIONS-TECHNOLOGIQUES--120x150.png 120w, https:\/\/www.stluxury.fr\/wp-content\/uploads\/VISUEL-SITE-STL-INNOVATIONS-TECHNOLOGIQUES--768x960.png 768w, https:\/\/www.stluxury.fr\/wp-content\/uploads\/VISUEL-SITE-STL-INNOVATIONS-TECHNOLOGIQUES--10x12.png 10w, https:\/\/www.stluxury.fr\/wp-content\/uploads\/VISUEL-SITE-STL-INNOVATIONS-TECHNOLOGIQUES-.png 1080w\" sizes=\"auto, (max-width: 819px) 100vw, 819px\" \/><\/figure><div class=\"wp-block-media-text__content\">\n<h1 class=\"wp-block-heading has-text-align-center\"><em>INNOVATIONS TECHNOLOGIQUES <\/em><\/h1>\n<\/div><\/div>\n\n\n\n<div style=\"height:100px\" aria-hidden=\"true\" class=\"wp-block-spacer\"><\/div>\n\n\n\n<div style=\"height:100px\" aria-hidden=\"true\" class=\"wp-block-spacer\"><\/div>\n\n\n\n<div class=\"wp-block-columns is-layout-flex wp-container-core-columns-is-layout-9d6595d7 wp-block-columns-is-layout-flex\">\n<div class=\"wp-block-column is-layout-flow wp-block-column-is-layout-flow\">\n<div class=\"wp-block-group is-nowrap is-layout-flex wp-container-core-group-is-layout-ad2f72ca wp-block-group-is-layout-flex\">\n<h1 class=\"wp-block-heading has-text-align-center\"><em>L&rsquo;INNOVATION TECHNOLOGIQUE AU COEUR DE LA CREATION <\/em><\/h1>\n\n\n\n<div style=\"height:100px;width:0px\" aria-hidden=\"true\" class=\"wp-block-spacer wp-container-content-6388d5dc\"><\/div>\n<\/div>\n<\/div>\n\n\n\n<div class=\"wp-block-column is-layout-flow wp-block-column-is-layout-flow\">\n<div class=\"wp-block-group is-nowrap is-layout-flex wp-container-core-group-is-layout-ad2f72ca wp-block-group-is-layout-flex\">\n<p>Chez ST LUXURY, l\u2019innovation ne se limite pas au choix des mat\u00e9riaux : elle structure chaque \u00e9tape du processus de cr\u00e9ation, afin de concevoir des pi\u00e8ces aussi pr\u00e9cises que sophistiqu\u00e9es, en s\u2019appuyant sur les outils les plus avanc\u00e9s de l\u2019ing\u00e9nierie a\u00e9ronautique.<\/p>\n\n\n\n<div style=\"height:100px;width:0px\" aria-hidden=\"true\" class=\"wp-block-spacer wp-container-content-6388d5dc\"><\/div>\n<\/div>\n<\/div>\n<\/div>\n\n\n\n<div style=\"height:100px\" aria-hidden=\"true\" class=\"wp-block-spacer\"><\/div>\n\n\n\n<div style=\"height:100px\" aria-hidden=\"true\" class=\"wp-block-spacer\"><\/div>\n\n\n<div class=\"wp-block-image\">\n<figure class=\"aligncenter size-large\"><img loading=\"lazy\" decoding=\"async\" width=\"1024\" height=\"576\" src=\"https:\/\/www.stluxury.fr\/wp-content\/uploads\/VISUEL-SITE-STL-INNOVATION-AU-COEUR-DE-LA-CONCEPTION--1024x576.png\" alt=\"\" class=\"wp-image-1304\" srcset=\"https:\/\/www.stluxury.fr\/wp-content\/uploads\/VISUEL-SITE-STL-INNOVATION-AU-COEUR-DE-LA-CONCEPTION--1024x576.png 1024w, https:\/\/www.stluxury.fr\/wp-content\/uploads\/VISUEL-SITE-STL-INNOVATION-AU-COEUR-DE-LA-CONCEPTION--500x281.png 500w, https:\/\/www.stluxury.fr\/wp-content\/uploads\/VISUEL-SITE-STL-INNOVATION-AU-COEUR-DE-LA-CONCEPTION--900x506.png 900w, https:\/\/www.stluxury.fr\/wp-content\/uploads\/VISUEL-SITE-STL-INNOVATION-AU-COEUR-DE-LA-CONCEPTION--300x169.png 300w, https:\/\/www.stluxury.fr\/wp-content\/uploads\/VISUEL-SITE-STL-INNOVATION-AU-COEUR-DE-LA-CONCEPTION--150x84.png 150w, https:\/\/www.stluxury.fr\/wp-content\/uploads\/VISUEL-SITE-STL-INNOVATION-AU-COEUR-DE-LA-CONCEPTION--768x432.png 768w, https:\/\/www.stluxury.fr\/wp-content\/uploads\/VISUEL-SITE-STL-INNOVATION-AU-COEUR-DE-LA-CONCEPTION--1536x864.png 1536w, https:\/\/www.stluxury.fr\/wp-content\/uploads\/VISUEL-SITE-STL-INNOVATION-AU-COEUR-DE-LA-CONCEPTION--18x10.png 18w, https:\/\/www.stluxury.fr\/wp-content\/uploads\/VISUEL-SITE-STL-INNOVATION-AU-COEUR-DE-LA-CONCEPTION-.png 1920w\" sizes=\"auto, (max-width: 1024px) 100vw, 1024px\" \/><\/figure>\n<\/div>\n\n\n<div style=\"height:100px\" aria-hidden=\"true\" class=\"wp-block-spacer\"><\/div>\n\n\n\n<div style=\"height:100px\" aria-hidden=\"true\" class=\"wp-block-spacer\"><\/div>\n\n\n\n<div class=\"wp-block-columns is-layout-flex wp-container-core-columns-is-layout-9d6595d7 wp-block-columns-is-layout-flex\">\n<div class=\"wp-block-column is-layout-flow wp-block-column-is-layout-flow\">\n<div class=\"wp-block-group is-nowrap is-layout-flex wp-container-core-group-is-layout-ad2f72ca wp-block-group-is-layout-flex\">\n<div style=\"height:100px;width:0px\" aria-hidden=\"true\" class=\"wp-block-spacer wp-container-content-6388d5dc\"><\/div>\n\n\n\n<div style=\"height:100px;width:0px\" aria-hidden=\"true\" class=\"wp-block-spacer wp-container-content-6388d5dc\"><\/div>\n\n\n\n<p>Chaque cr\u00e9ation ST LUXURY est int\u00e9gralement con\u00e7ue sur CATIA, un logiciel de mod\u00e9lisation 3D de r\u00e9f\u00e9rence dans l\u2019industrie a\u00e9ronautique. Cet outil nous permet de mod\u00e9liser avec une extr\u00eame pr\u00e9cision, en int\u00e9grant d\u00e8s les premi\u00e8res phases de conception les contraintes techniques, esth\u00e9tiques et fonctionnelles.<\/p>\n\n\n\n<div style=\"height:100px;width:0px\" aria-hidden=\"true\" class=\"wp-block-spacer wp-container-content-6388d5dc\"><\/div>\n<\/div>\n<\/div>\n\n\n\n<div class=\"wp-block-column is-layout-flow wp-block-column-is-layout-flow\">\n<div class=\"wp-block-group is-nowrap is-layout-flex wp-container-core-group-is-layout-ad2f72ca wp-block-group-is-layout-flex\">\n<h1 class=\"wp-block-heading has-text-align-center\"><em>LA PRECISION DE L&rsquo;AERONAUTIQUE AU SERVICE DU DESIGN <\/em><\/h1>\n\n\n\n<div style=\"height:100px;width:0px\" aria-hidden=\"true\" class=\"wp-block-spacer wp-container-content-6388d5dc\"><\/div>\n<\/div>\n<\/div>\n<\/div>\n\n\n\n<div style=\"height:100px\" aria-hidden=\"true\" class=\"wp-block-spacer\"><\/div>\n\n\n\n<div style=\"height:100px\" aria-hidden=\"true\" class=\"wp-block-spacer\"><\/div>\n\n\n\n<div class=\"wp-block-columns is-layout-flex wp-container-core-columns-is-layout-9d6595d7 wp-block-columns-is-layout-flex\">\n<div class=\"wp-block-column is-layout-flow wp-block-column-is-layout-flow\">\n<div class=\"wp-block-group is-nowrap is-layout-flex wp-container-core-group-is-layout-ad2f72ca wp-block-group-is-layout-flex\">\n<div style=\"height:100px;width:0px\" aria-hidden=\"true\" class=\"wp-block-spacer wp-container-content-6388d5dc\"><\/div>\n\n\n\n<h1 class=\"wp-block-heading\"><em>LE PROTOTYPAGE 3D<\/em><\/h1>\n<\/div>\n<\/div>\n\n\n\n<div class=\"wp-block-column is-layout-flow wp-block-column-is-layout-flow\">\n<div class=\"wp-block-group is-nowrap is-layout-flex wp-container-core-group-is-layout-ad2f72ca wp-block-group-is-layout-flex\">\n<p>Avant toute mise en production, chaque cr\u00e9ation ST LUXURY passe par une phase de prototypage r\u00e9alis\u00e9e en impression 3D. Cette \u00e9tape est essentielle pour transformer une id\u00e9e en un objet concret, fid\u00e8le \u00e0 l\u2019intention initiale. Elle permet de valider l\u2019ergonomie g\u00e9n\u00e9rale de la pi\u00e8ce, sa fonctionnalit\u00e9, mais aussi sa faisabilit\u00e9 technique.<\/p>\n\n\n\n<div style=\"height:100px;width:0px\" aria-hidden=\"true\" class=\"wp-block-spacer wp-container-content-6388d5dc\"><\/div>\n<\/div>\n<\/div>\n<\/div>\n\n\n\n<div style=\"height:100px\" aria-hidden=\"true\" class=\"wp-block-spacer\"><\/div>\n\n\n\n<div style=\"height:100px\" aria-hidden=\"true\" class=\"wp-block-spacer\"><\/div>\n\n\n\n<figure class=\"wp-block-video\"><video height=\"720\" style=\"aspect-ratio: 1280 \/ 720;\" width=\"1280\" autoplay controls loop muted src=\"https:\/\/www.stluxury.fr\/wp-content\/uploads\/EXTRAIT-FILM-SITE-STL-1.mov\" playsinline><\/video><\/figure>\n\n\n\n<div style=\"height:100px\" aria-hidden=\"true\" class=\"wp-block-spacer\"><\/div>\n\n\n\n<div style=\"height:100px\" aria-hidden=\"true\" class=\"wp-block-spacer\"><\/div>\n\n\n\n<p class=\"has-text-align-center\"><em>Plus qu&rsquo;un objet, c&rsquo;est une c\u00e9l\u00e9bration de l&rsquo;esprit pionnier, et une invitation au voyage&#8230;<\/em><\/p>\n\n\n\n<div style=\"height:100px\" aria-hidden=\"true\" class=\"wp-block-spacer\"><\/div>\n\n\n\n<div class=\"wp-block-media-text is-stacked-on-mobile\" style=\"grid-template-columns:33% auto\"><figure class=\"wp-block-media-text__media\"><img loading=\"lazy\" decoding=\"async\" width=\"819\" height=\"1024\" src=\"https:\/\/www.stluxury.fr\/wp-content\/uploads\/VISUEL-SITE-STL-USINE-4.0-819x1024.png\" alt=\"\" class=\"wp-image-1325 size-full\" srcset=\"https:\/\/www.stluxury.fr\/wp-content\/uploads\/VISUEL-SITE-STL-USINE-4.0-819x1024.png 819w, https:\/\/www.stluxury.fr\/wp-content\/uploads\/VISUEL-SITE-STL-USINE-4.0-500x625.png 500w, https:\/\/www.stluxury.fr\/wp-content\/uploads\/VISUEL-SITE-STL-USINE-4.0-900x1125.png 900w, https:\/\/www.stluxury.fr\/wp-content\/uploads\/VISUEL-SITE-STL-USINE-4.0-240x300.png 240w, https:\/\/www.stluxury.fr\/wp-content\/uploads\/VISUEL-SITE-STL-USINE-4.0-120x150.png 120w, https:\/\/www.stluxury.fr\/wp-content\/uploads\/VISUEL-SITE-STL-USINE-4.0-768x960.png 768w, https:\/\/www.stluxury.fr\/wp-content\/uploads\/VISUEL-SITE-STL-USINE-4.0-10x12.png 10w, https:\/\/www.stluxury.fr\/wp-content\/uploads\/VISUEL-SITE-STL-USINE-4.0.png 1080w\" sizes=\"auto, (max-width: 819px) 100vw, 819px\" \/><\/figure><div class=\"wp-block-media-text__content\">\n<h1 class=\"wp-block-heading has-text-align-center\"><em>PLONGEZ AU COEUR D&rsquo;UNE USINE 4.0<\/em><\/h1>\n<\/div><\/div>\n\n\n\n<div style=\"height:100px\" aria-hidden=\"true\" class=\"wp-block-spacer\"><\/div>\n\n\n\n<div style=\"height:100px\" aria-hidden=\"true\" class=\"wp-block-spacer\"><\/div>\n\n\n\n<div class=\"wp-block-columns is-layout-flex wp-container-core-columns-is-layout-9d6595d7 wp-block-columns-is-layout-flex\">\n<div class=\"wp-block-column is-layout-flow wp-block-column-is-layout-flow\">\n<div style=\"height:100px\" aria-hidden=\"true\" class=\"wp-block-spacer\"><\/div>\n\n\n\n<p>Plong\u00e9e au c\u0153ur d&rsquo;une usine 4.0, ST LUXURY incarne l&rsquo;union harmonieuse entre tradition et innovation. Au c\u0153ur de ses ateliers situ\u00e9s en France, les gestes des ma\u00eetres artisans d&rsquo;art dialoguent avec les technologies de pointe issues de l&rsquo;a\u00e9ronautique.<\/p>\n\n\n\n<div style=\"height:100px\" aria-hidden=\"true\" class=\"wp-block-spacer\"><\/div>\n\n\n\n<p>Cette synergie unique permet de repousser les limites du savoir-faire tout en pr\u00e9servant l&rsquo;excellence artisanale. Chaque cr\u00e9ation na\u00eet ainsi d&rsquo;un \u00e9quilibre entre h\u00e9ritage, pr\u00e9cision et modernit\u00e9.<\/p>\n<\/div>\n\n\n\n<div class=\"wp-block-column is-layout-flow wp-block-column-is-layout-flow\">\n<figure class=\"wp-block-video\"><video height=\"1080\" style=\"aspect-ratio: 1920 \/ 1080;\" width=\"1920\" autoplay controls loop muted src=\"https:\/\/www.stluxury.fr\/wp-content\/uploads\/EXTRAIT-FILM-STL-USINE-4.0.mov\" playsinline><\/video><\/figure>\n<\/div>\n<\/div>\n\n\n\n<div style=\"height:100px\" aria-hidden=\"true\" class=\"wp-block-spacer\"><\/div>\n\n\n\n<div class=\"wp-block-columns is-layout-flex wp-container-core-columns-is-layout-9d6595d7 wp-block-columns-is-layout-flex\">\n<div class=\"wp-block-column is-layout-flow wp-block-column-is-layout-flow\">\n<div style=\"height:100px\" aria-hidden=\"true\" class=\"wp-block-spacer\"><\/div>\n\n\n\n<div class=\"wp-block-group is-nowrap is-layout-flex wp-container-core-group-is-layout-ad2f72ca wp-block-group-is-layout-flex\">\n<h1 class=\"wp-block-heading\">SAVOIR-FAIRE AERONAUTIQUE <\/h1>\n\n\n\n<div style=\"height:100px;width:0px\" aria-hidden=\"true\" class=\"wp-block-spacer wp-container-content-6388d5dc\"><\/div>\n<\/div>\n<\/div>\n\n\n\n<div class=\"wp-block-column is-layout-flow wp-block-column-is-layout-flow\">\n<p>Au c\u0153ur des malles Haute-Conception se cache un savoir-faire directement h\u00e9rit\u00e9 de l&rsquo;industrie a\u00e9ronautique.<\/p>\n\n\n\n<div style=\"height:100px\" aria-hidden=\"true\" class=\"wp-block-spacer\"><\/div>\n\n\n\n<p>Con\u00e7ues avec les m\u00eames mat\u00e9riaux et proc\u00e9d\u00e9s que ceux utilis\u00e9s dans la fabrication de pi\u00e8ces d&rsquo;avions, elles allient l\u00e9g\u00e8ret\u00e9, robustesse, et fiabilit\u00e9. Cette expertise technique ma\u00eetris\u00e9e dans nos ateliers, permet de cr\u00e9er des pi\u00e8ces \u00e0 la fois performantes et intemporelles.<\/p>\n<\/div>\n<\/div>\n\n\n\n<div style=\"height:100px\" aria-hidden=\"true\" class=\"wp-block-spacer\"><\/div>\n\n\n\n<div style=\"height:100px\" aria-hidden=\"true\" class=\"wp-block-spacer\"><\/div>\n\n\n\n<p class=\"has-text-align-center\"><em>Chaque d\u00e9tail structurel refl\u00e8te la rigueur et l&rsquo;innovation propres \u00e0 l&rsquo;univers a\u00e9rien&#8230;<\/em><\/p>\n\n\n\n<div style=\"height:100px\" aria-hidden=\"true\" class=\"wp-block-spacer\"><\/div>\n\n\n\n<div style=\"height:100px\" aria-hidden=\"true\" class=\"wp-block-spacer\"><\/div>\n\n\n\n<div class=\"wp-block-cover aligncenter\"><img loading=\"lazy\" decoding=\"async\" width=\"1024\" height=\"743\" class=\"wp-block-cover__image-background wp-image-1337\" alt=\"\" src=\"https:\/\/www.stluxury.fr\/wp-content\/uploads\/St-Luxury-30-01-24-197-2-scaled-e1754049696620-1024x743.jpg\" style=\"object-position:52% 35%\" data-object-fit=\"cover\" data-object-position=\"52% 35%\" srcset=\"https:\/\/www.stluxury.fr\/wp-content\/uploads\/St-Luxury-30-01-24-197-2-scaled-e1754049696620-1024x743.jpg 1024w, https:\/\/www.stluxury.fr\/wp-content\/uploads\/St-Luxury-30-01-24-197-2-scaled-e1754049696620-500x363.jpg 500w, https:\/\/www.stluxury.fr\/wp-content\/uploads\/St-Luxury-30-01-24-197-2-scaled-e1754049696620-900x653.jpg 900w, https:\/\/www.stluxury.fr\/wp-content\/uploads\/St-Luxury-30-01-24-197-2-scaled-e1754049696620-300x218.jpg 300w, https:\/\/www.stluxury.fr\/wp-content\/uploads\/St-Luxury-30-01-24-197-2-scaled-e1754049696620-150x109.jpg 150w, https:\/\/www.stluxury.fr\/wp-content\/uploads\/St-Luxury-30-01-24-197-2-scaled-e1754049696620-768x557.jpg 768w, https:\/\/www.stluxury.fr\/wp-content\/uploads\/St-Luxury-30-01-24-197-2-scaled-e1754049696620-1536x1114.jpg 1536w, https:\/\/www.stluxury.fr\/wp-content\/uploads\/St-Luxury-30-01-24-197-2-scaled-e1754049696620-18x12.jpg 18w, https:\/\/www.stluxury.fr\/wp-content\/uploads\/St-Luxury-30-01-24-197-2-scaled-e1754049696620.jpg 1707w\" sizes=\"auto, (max-width: 1024px) 100vw, 1024px\" \/><span aria-hidden=\"true\" class=\"wp-block-cover__background has-background-dim\"><\/span><div class=\"wp-block-cover__inner-container is-layout-flow wp-block-cover-is-layout-flow\">\n<h1 class=\"wp-block-heading has-text-align-center has-white-color has-text-color has-link-color has-large-font-size wp-elements-d11e83b111944ac6412a9467193b0cbc\"><em>GESTES D&rsquo;EXCEPTION<\/em><\/h1>\n<\/div><\/div>\n\n\n\n<div style=\"height:100px\" aria-hidden=\"true\" class=\"wp-block-spacer\"><\/div>\n\n\n\n<div class=\"wp-block-media-text is-stacked-on-mobile\" style=\"grid-template-columns:33% auto\"><figure class=\"wp-block-media-text__media\"><img loading=\"lazy\" decoding=\"async\" width=\"683\" height=\"1024\" src=\"https:\/\/www.stluxury.fr\/wp-content\/uploads\/St-Luxury-30-01-24-274-1-683x1024.jpg\" alt=\"\" class=\"wp-image-1342 size-full\" srcset=\"https:\/\/www.stluxury.fr\/wp-content\/uploads\/St-Luxury-30-01-24-274-1-683x1024.jpg 683w, https:\/\/www.stluxury.fr\/wp-content\/uploads\/St-Luxury-30-01-24-274-1-scaled-500x750.jpg 500w, https:\/\/www.stluxury.fr\/wp-content\/uploads\/St-Luxury-30-01-24-274-1-scaled-900x1350.jpg 900w, https:\/\/www.stluxury.fr\/wp-content\/uploads\/St-Luxury-30-01-24-274-1-200x300.jpg 200w, https:\/\/www.stluxury.fr\/wp-content\/uploads\/St-Luxury-30-01-24-274-1-100x150.jpg 100w, https:\/\/www.stluxury.fr\/wp-content\/uploads\/St-Luxury-30-01-24-274-1-768x1152.jpg 768w, https:\/\/www.stluxury.fr\/wp-content\/uploads\/St-Luxury-30-01-24-274-1-1024x1536.jpg 1024w, https:\/\/www.stluxury.fr\/wp-content\/uploads\/St-Luxury-30-01-24-274-1-1365x2048.jpg 1365w, https:\/\/www.stluxury.fr\/wp-content\/uploads\/St-Luxury-30-01-24-274-1-8x12.jpg 8w, https:\/\/www.stluxury.fr\/wp-content\/uploads\/St-Luxury-30-01-24-274-1-scaled.jpg 1707w\" sizes=\"auto, (max-width: 683px) 100vw, 683px\" \/><\/figure><div class=\"wp-block-media-text__content\">\n<p>Au sein des ateliers ST LUXURY, chaque cr\u00e9ation na\u00eet de la ma\u00eetrise des ma\u00eetres artisans d\u2019art.<\/p>\n\n\n\n<p>De la d\u00e9coupe du cuir \u00e0 l\u2019ajustement des finitions, chaque geste traduit une ma\u00eetrise rare et une exigence absolue.<\/p>\n\n\n\n<div style=\"height:100px\" aria-hidden=\"true\" class=\"wp-block-spacer\"><\/div>\n\n\n\n<p><em>H\u00e9ritiers de traditions d\u2019excellence, ces ma\u00eetres artisans d\u2019art insufflent \u00e0 chaque pi\u00e8ce une \u00e2me singuli\u00e8re&#8230;<\/em><\/p>\n<\/div><\/div>\n\n\n\n<div style=\"height:100px\" aria-hidden=\"true\" class=\"wp-block-spacer\"><\/div>\n\n\n\n<div style=\"height:100px\" aria-hidden=\"true\" class=\"wp-block-spacer\"><\/div>\n\n\n\n<div class=\"wp-block-columns is-layout-flex wp-container-core-columns-is-layout-9d6595d7 wp-block-columns-is-layout-flex\">\n<div class=\"wp-block-column is-layout-flow wp-block-column-is-layout-flow\">\n<div style=\"height:100px\" aria-hidden=\"true\" class=\"wp-block-spacer\"><\/div>\n\n\n\n<h1 class=\"wp-block-heading has-text-align-center\">INNOVATION RESPONSABLE<\/h1>\n<\/div>\n\n\n\n<div class=\"wp-block-column is-layout-flow wp-block-column-is-layout-flow\">\n<p>Au-del\u00e0 de la technicit\u00e9, ST LUXURY s\u2019engage \u00e9galement dans une d\u00e9marche d&rsquo;innovation responsable. En effet, conscients des enjeux environnementaux, nous int\u00e9grons \u00e0 nos collections des mat\u00e9riaux biosourc\u00e9es tels que la fibre de lin, et des r\u00e9sines biosourc\u00e9es.<\/p>\n\n\n\n<div style=\"height:100px\" aria-hidden=\"true\" class=\"wp-block-spacer\"><\/div>\n\n\n\n<p>Ces mat\u00e9riaux offrent des performances techniques comparables \u00e0 celles du carbone, tout en permettant de r\u00e9duire l\u2019impact CO2 li\u00e9 \u00e0 leur production : temps de polym\u00e9risation raccourci, temp\u00e9rature de cuisson plus basse.<\/p>\n<\/div>\n<\/div>\n\n\n\n<div style=\"height:100px\" aria-hidden=\"true\" class=\"wp-block-spacer\"><\/div>","protected":false},"excerpt":{"rendered":"<p>SAVOIR-FAIRE HAUTE-CONCEPTION N\u00e9es de l\u2019alliance entre la rigueur de l\u2019ing\u00e9nieur et la sensibilit\u00e9 des ma\u00eetres artisans [&hellip;]<\/p>\n","protected":false},"author":8,"featured_media":0,"parent":0,"menu_order":0,"comment_status":"closed","ping_status":"closed","template":"","meta":{"footnotes":""},"class_list":["post-1284","page","type-page","status-publish","hentry"],"acf":[],"_links":{"self":[{"href":"https:\/\/www.stluxury.fr\/en\/wp-json\/wp\/v2\/pages\/1284","targetHints":{"allow":["GET"]}}],"collection":[{"href":"https:\/\/www.stluxury.fr\/en\/wp-json\/wp\/v2\/pages"}],"about":[{"href":"https:\/\/www.stluxury.fr\/en\/wp-json\/wp\/v2\/types\/page"}],"author":[{"embeddable":true,"href":"https:\/\/www.stluxury.fr\/en\/wp-json\/wp\/v2\/users\/8"}],"replies":[{"embeddable":true,"href":"https:\/\/www.stluxury.fr\/en\/wp-json\/wp\/v2\/comments?post=1284"}],"version-history":[{"count":56,"href":"https:\/\/www.stluxury.fr\/en\/wp-json\/wp\/v2\/pages\/1284\/revisions"}],"predecessor-version":[{"id":2926,"href":"https:\/\/www.stluxury.fr\/en\/wp-json\/wp\/v2\/pages\/1284\/revisions\/2926"}],"wp:attachment":[{"href":"https:\/\/www.stluxury.fr\/en\/wp-json\/wp\/v2\/media?parent=1284"}],"curies":[{"name":"wp","href":"https:\/\/api.w.org\/{rel}","templated":true}]}}