{"id":2322,"date":"2025-10-15T11:00:12","date_gmt":"2025-10-15T09:00:12","guid":{"rendered":"https:\/\/www.stluxury.fr\/?page_id=2322"},"modified":"2025-10-15T11:01:52","modified_gmt":"2025-10-15T09:01:52","slug":"engagements-societaux-et-environnementaux","status":"publish","type":"page","link":"https:\/\/www.stluxury.fr\/en\/engagements-societaux-et-environnementaux\/","title":{"rendered":"Nos engagements"},"content":{"rendered":"<div style=\"height:100px\" aria-hidden=\"true\" class=\"wp-block-spacer\"><\/div>\n\n\n\n<h1 class=\"wp-block-heading\">L&rsquo;excellence responsable<\/h1>\n\n\n\n<div style=\"height:100px\" aria-hidden=\"true\" class=\"wp-block-spacer\"><\/div>\n\n\n\n<p><em>L&rsquo;excellence selon ST LUXURY s&rsquo;exprime dans la justesse: celle du geste, du choix, et du temps. Enracin\u00e9e dans un savoir-faire local et une approche respectueuse, la Maison cultive l&rsquo;art d&rsquo;un luxe durable. <\/em><\/p>\n\n\n\n<div style=\"height:100px\" aria-hidden=\"true\" class=\"wp-block-spacer\"><\/div>\n\n\n\n<h1 class=\"wp-block-heading\">L&rsquo;artisanat fran\u00e7ais au c\u0153ur de nos cr\u00e9ations <\/h1>\n\n\n\n<div style=\"height:100px\" aria-hidden=\"true\" class=\"wp-block-spacer\"><\/div>\n\n\n\n<p><em>Nos malles et bagages sont con\u00e7us et r\u00e9alis\u00e9s en France, par des artisans passionn\u00e9s qui perp\u00e9tuent l&rsquo;excellence du travail \u00e0 la main. Nous privil\u00e9gions des partenaires de proximit\u00e9 pour la s\u00e9lection des nos mati\u00e8res premi\u00e8res (cuir, tissus, toile de jute, \u00e9l\u00e9ments de bijouterie&#8230;) garantissant une tra\u00e7abilit\u00e9 exemplaire et une empreinte environnementale ma\u00eetris\u00e9e. <\/em><\/p>\n\n\n\n<div style=\"height:100px\" aria-hidden=\"true\" class=\"wp-block-spacer\"><\/div>\n\n\n\n<h1 class=\"wp-block-heading\">La rencontre du savoir-faire et de l&rsquo;innovation <\/h1>\n\n\n\n<div style=\"height:100px\" aria-hidden=\"true\" class=\"wp-block-spacer\"><\/div>\n\n\n\n<p><em>Notre bijouterie, d&rsquo;une pr\u00e9cision rare, est fa\u00e7onn\u00e9e par des acteurs locaux issus de l&rsquo;a\u00e9ronautique, alliant technologie et d\u00e9licatesse. Ce savoir-faire de l&rsquo;industrie se retrouve \u00e9galement dans les structures de nos malles, r\u00e9alis\u00e9es \u00e0 partir de fibres v\u00e9g\u00e9tales et de r\u00e9sines biosourc\u00e9es, garantissant \u00e0 la fois l\u00e9g\u00e8ret\u00e9, robustesse, durabilit\u00e9, et fiabilit\u00e9. <\/em><\/p>\n\n\n\n<div style=\"height:100px\" aria-hidden=\"true\" class=\"wp-block-spacer\"><\/div>\n\n\n\n<h1 class=\"wp-block-heading\">Des mat\u00e9riaux porteurs de sens<\/h1>\n\n\n\n<div style=\"height:100px\" aria-hidden=\"true\" class=\"wp-block-spacer\"><\/div>\n\n\n\n<p><em>La toile au monogramme Voltige, signature de la Maison, symbolise notre vision d&rsquo;un luxe conscient. Sa composition innovante associe plastiques recycl\u00e9s issus de bouteilles et parties nos comestibles de ma\u00efs, conciliant esth\u00e9tisme et responsabilit\u00e9.<\/em><\/p>\n\n\n\n<div style=\"height:100px\" aria-hidden=\"true\" class=\"wp-block-spacer\"><\/div>\n\n\n\n<h1 class=\"wp-block-heading\">L&rsquo;\u00e9l\u00e9gance durable <\/h1>\n\n\n\n<div style=\"height:100px\" aria-hidden=\"true\" class=\"wp-block-spacer\"><\/div>\n\n\n\n<p><em>Parce que le luxe se doit d&rsquo;\u00eatre aussi respectueux que d\u00e9sirable, ST LUXURY a imagin\u00e9 un packaging r\u00e9utilisable: des pochons confectionn\u00e9s en toile de jute, ou en tissus local, qui prolongent la beaut\u00e9 du geste jusque dans les moindres d\u00e9tails. <\/em><\/p>\n\n\n\n<div style=\"height:100px\" aria-hidden=\"true\" class=\"wp-block-spacer\"><\/div>\n\n\n\n<p><em>ST LUXURY signe ainsi une nouvelle vision du raffinement: celle d&rsquo;un luxe durable, ancr\u00e9 dans son territoire, tourn\u00e9 vers l&rsquo;avenir, et fid\u00e8le \u00e0 l&rsquo;esprit d&rsquo;excellence qui d\u00e9finit la Maison. <\/em><\/p>\n\n\n\n<div style=\"height:100px\" aria-hidden=\"true\" class=\"wp-block-spacer\"><\/div>","protected":false},"excerpt":{"rendered":"<p>L&rsquo;excellence responsable L&rsquo;excellence selon ST LUXURY s&rsquo;exprime dans la justesse: celle du geste, du choix, et [&hellip;]<\/p>\n","protected":false},"author":1,"featured_media":0,"parent":0,"menu_order":0,"comment_status":"closed","ping_status":"closed","template":"","meta":{"footnotes":""},"class_list":["post-2322","page","type-page","status-publish","hentry"],"acf":[],"_links":{"self":[{"href":"https:\/\/www.stluxury.fr\/en\/wp-json\/wp\/v2\/pages\/2322","targetHints":{"allow":["GET"]}}],"collection":[{"href":"https:\/\/www.stluxury.fr\/en\/wp-json\/wp\/v2\/pages"}],"about":[{"href":"https:\/\/www.stluxury.fr\/en\/wp-json\/wp\/v2\/types\/page"}],"author":[{"embeddable":true,"href":"https:\/\/www.stluxury.fr\/en\/wp-json\/wp\/v2\/users\/1"}],"replies":[{"embeddable":true,"href":"https:\/\/www.stluxury.fr\/en\/wp-json\/wp\/v2\/comments?post=2322"}],"version-history":[{"count":4,"href":"https:\/\/www.stluxury.fr\/en\/wp-json\/wp\/v2\/pages\/2322\/revisions"}],"predecessor-version":[{"id":2345,"href":"https:\/\/www.stluxury.fr\/en\/wp-json\/wp\/v2\/pages\/2322\/revisions\/2345"}],"wp:attachment":[{"href":"https:\/\/www.stluxury.fr\/en\/wp-json\/wp\/v2\/media?parent=2322"}],"curies":[{"name":"wp","href":"https:\/\/api.w.org\/{rel}","templated":true}]}}