{"id":2331,"date":"2025-10-15T11:02:19","date_gmt":"2025-10-15T09:02:19","guid":{"rendered":"https:\/\/www.stluxury.fr\/?page_id=2331"},"modified":"2025-10-15T11:02:20","modified_gmt":"2025-10-15T09:02:20","slug":"conseils-dentretien","status":"publish","type":"page","link":"https:\/\/www.stluxury.fr\/en\/conseils-dentretien\/","title":{"rendered":"Conseils d&rsquo;entretien"},"content":{"rendered":"<div style=\"height:100px\" aria-hidden=\"true\" class=\"wp-block-spacer\"><\/div>\n\n\n\n<p><em>Cher(e) Client(e), <\/em><\/p>\n\n\n\n<p><em>Pour garantir la beaut\u00e9 et la long\u00e9vit\u00e9 de vos malles et de vos bagages ST LUXURY, nous vous invitons \u00e0 suivre les recommandations ci-dessous: <\/em><\/p>\n\n\n\n<div style=\"height:100px\" aria-hidden=\"true\" class=\"wp-block-spacer\"><\/div>\n\n\n\n<p>1.<em>Manipulez votre article avec soin pour \u00e9viter tour contact avec des surfaces abrasives ou objets susceptibles de l&rsquo;\u00e9rafler. <\/em><\/p>\n\n\n\n<p>2.<em>Prot\u00e9gez-le de l&rsquo;eau, des corps gras, des produits de maquillage et des parfums. Si un contact accidentel avec l&rsquo;eau se produit, s\u00e9chez le d\u00e9licatement en tamponnant avec un chiffon doux, absorbant et non pelucheux. <\/em><\/p>\n\n\n\n<p>3.<em>Pr\u00e9servez votre produit de l&rsquo;humidit\u00e9, des expositions prolong\u00e9es \u00e0 la lumi\u00e8re directe et des sources de chaleur excessives. <\/em><\/p>\n\n\n\n<p>4.<em>Evitez tout produit d&rsquo;entretien non adapt\u00e9, notamment les solvants et autres solutions disponibles dans le commerce. <\/em><\/p>\n\n\n\n<p>5.<em>Enfin, pour entretenir vos malles et vos bagages dans les r\u00e8gles de l&rsquo;art, nous vous recommandons de les confier r\u00e9guli\u00e8rement \u00e0 nos ma\u00eetres artisans d&rsquo;art, qui sauront leur offrir un soin expert et personnalis\u00e9. <\/em><\/p>\n\n\n\n<div style=\"height:100px\" aria-hidden=\"true\" class=\"wp-block-spacer\"><\/div>\n\n\n\n<p><em>N&rsquo;h\u00e9sitez pas \u00e0 nous solliciter directement pour toute question ou besoin compl\u00e9mentaire<\/em><\/p>\n\n\n\n<div style=\"height:100px\" aria-hidden=\"true\" class=\"wp-block-spacer\"><\/div>\n\n\n\n<div class=\"wp-block-buttons is-content-justification-center is-layout-flex wp-container-core-buttons-is-layout-16018d1d wp-block-buttons-is-layout-flex\">\n<div class=\"wp-block-button is-style-outline is-style-outline--1\"><a class=\"wp-block-button__link wp-element-button\" href=\"https:\/\/www.stluxury.fr\/en\/contact\/\">Nous contacter <\/a><\/div>\n<\/div>\n\n\n\n<p><\/p>","protected":false},"excerpt":{"rendered":"<p>Cher(e) Client(e), Pour garantir la beaut\u00e9 et la long\u00e9vit\u00e9 de vos malles et de vos bagages [&hellip;]<\/p>\n","protected":false},"author":1,"featured_media":0,"parent":0,"menu_order":0,"comment_status":"closed","ping_status":"closed","template":"","meta":{"footnotes":""},"class_list":["post-2331","page","type-page","status-publish","hentry"],"acf":[],"_links":{"self":[{"href":"https:\/\/www.stluxury.fr\/en\/wp-json\/wp\/v2\/pages\/2331","targetHints":{"allow":["GET"]}}],"collection":[{"href":"https:\/\/www.stluxury.fr\/en\/wp-json\/wp\/v2\/pages"}],"about":[{"href":"https:\/\/www.stluxury.fr\/en\/wp-json\/wp\/v2\/types\/page"}],"author":[{"embeddable":true,"href":"https:\/\/www.stluxury.fr\/en\/wp-json\/wp\/v2\/users\/1"}],"replies":[{"embeddable":true,"href":"https:\/\/www.stluxury.fr\/en\/wp-json\/wp\/v2\/comments?post=2331"}],"version-history":[{"count":7,"href":"https:\/\/www.stluxury.fr\/en\/wp-json\/wp\/v2\/pages\/2331\/revisions"}],"predecessor-version":[{"id":2338,"href":"https:\/\/www.stluxury.fr\/en\/wp-json\/wp\/v2\/pages\/2331\/revisions\/2338"}],"wp:attachment":[{"href":"https:\/\/www.stluxury.fr\/en\/wp-json\/wp\/v2\/media?parent=2331"}],"curies":[{"name":"wp","href":"https:\/\/api.w.org\/{rel}","templated":true}]}}