{"id":693,"date":"2025-06-23T12:35:26","date_gmt":"2025-06-23T10:35:26","guid":{"rendered":"https:\/\/www.stluxury.fr\/?page_id=693"},"modified":"2026-03-26T16:08:21","modified_gmt":"2026-03-26T15:08:21","slug":"st-luxury","status":"publish","type":"page","link":"https:\/\/www.stluxury.fr\/en\/st-luxury\/","title":{"rendered":"Version 2025 &#8211; Notre histoire"},"content":{"rendered":"<figure class=\"wp-block-video\"><video height=\"1080\" style=\"aspect-ratio: 1920 \/ 1080;\" width=\"1920\" autoplay controls loop muted src=\"https:\/\/www.stluxury.fr\/wp-content\/uploads\/Take-Off-21.mp4\"><\/video><\/figure>\n\n\n\n<div class=\"wp-block-media-text has-media-on-the-right is-stacked-on-mobile\"><div class=\"wp-block-media-text__content\">\n<p><strong>30 ans d&rsquo;expertise <\/strong><\/p>\n\n\n\n<div style=\"height:100px\" aria-hidden=\"true\" class=\"wp-block-spacer\"><\/div>\n\n\n\n<p><strong>1998<\/strong><\/p>\n\n\n\n<div style=\"height:100px\" aria-hidden=\"true\" class=\"wp-block-spacer\"><\/div>\n\n\n\n<p>Tout a commenc\u00e9 en 1998, lorsque St\u00e9phane TRENTO initiait une aventure ambitieuse, o\u00f9 rigueur technique et qu\u00eate de perfection allaient tracer la voie d&rsquo;une nouvelle forme d&rsquo;excellence. <\/p>\n\n\n\n<div style=\"height:100px\" aria-hidden=\"true\" class=\"wp-block-spacer\"><\/div>\n\n\n\n<p>Issu de l&rsquo;industrie a\u00e9ronautique et spatiale, il s&rsquo;\u00e9tait d\u00e9j\u00e0 impos\u00e9 en tant qu&rsquo;expert reconnu dans un des environnements les plus techniques et exigeants. <\/p>\n<\/div><figure class=\"wp-block-media-text__media\"><img loading=\"lazy\" decoding=\"async\" width=\"722\" height=\"1024\" src=\"https:\/\/www.stluxury.fr\/wp-content\/uploads\/4-3-722x1024.png\" alt=\"\" class=\"wp-image-2002 size-full\" srcset=\"https:\/\/www.stluxury.fr\/wp-content\/uploads\/4-3-722x1024.png 722w, https:\/\/www.stluxury.fr\/wp-content\/uploads\/4-3-500x709.png 500w, https:\/\/www.stluxury.fr\/wp-content\/uploads\/4-3-900x1277.png 900w, https:\/\/www.stluxury.fr\/wp-content\/uploads\/4-3-212x300.png 212w, https:\/\/www.stluxury.fr\/wp-content\/uploads\/4-3-106x150.png 106w, https:\/\/www.stluxury.fr\/wp-content\/uploads\/4-3-768x1089.png 768w, https:\/\/www.stluxury.fr\/wp-content\/uploads\/4-3-1083x1536.png 1083w, https:\/\/www.stluxury.fr\/wp-content\/uploads\/4-3-8x12.png 8w, https:\/\/www.stluxury.fr\/wp-content\/uploads\/4-3.png 1410w\" sizes=\"auto, (max-width: 722px) 100vw, 722px\" \/><\/figure><\/div>\n\n\n\n<div class=\"wp-block-media-text is-stacked-on-mobile\"><figure class=\"wp-block-media-text__media\"><img loading=\"lazy\" decoding=\"async\" width=\"781\" height=\"1024\" src=\"https:\/\/www.stluxury.fr\/wp-content\/uploads\/HERITAGE-47-781x1024.png\" alt=\"\" class=\"wp-image-2274 size-full\" srcset=\"https:\/\/www.stluxury.fr\/wp-content\/uploads\/HERITAGE-47-781x1024.png 781w, https:\/\/www.stluxury.fr\/wp-content\/uploads\/HERITAGE-47-229x300.png 229w, https:\/\/www.stluxury.fr\/wp-content\/uploads\/HERITAGE-47-114x150.png 114w, https:\/\/www.stluxury.fr\/wp-content\/uploads\/HERITAGE-47-768x1007.png 768w, https:\/\/www.stluxury.fr\/wp-content\/uploads\/HERITAGE-47-1172x1536.png 1172w, https:\/\/www.stluxury.fr\/wp-content\/uploads\/HERITAGE-47-9x12.png 9w, https:\/\/www.stluxury.fr\/wp-content\/uploads\/HERITAGE-47-500x655.png 500w, https:\/\/www.stluxury.fr\/wp-content\/uploads\/HERITAGE-47-900x1180.png 900w, https:\/\/www.stluxury.fr\/wp-content\/uploads\/HERITAGE-47.png 1526w\" sizes=\"auto, (max-width: 781px) 100vw, 781px\" \/><\/figure><div class=\"wp-block-media-text__content\">\n<p>Anim\u00e9 par une volont\u00e9 constante de repousser les limites de l&rsquo;innovation, il fonde cette ann\u00e9e-l\u00e0 son premier groupe industriel d\u00e9di\u00e9 \u00e0 la conception et \u00e0 la fabrication de pi\u00e8ces complexes, pens\u00e9es pour r\u00e9pondre aux normes les plus rigoureuses de l&rsquo;a\u00e9ronautique et du spatial. <\/p>\n\n\n\n<div style=\"height:100px\" aria-hidden=\"true\" class=\"wp-block-spacer\"><\/div>\n\n\n\n<p>D\u00e8s ses d\u00e9buts, sa ma\u00eetrise des proc\u00e9d\u00e9s de production de pointe et son expertise des mat\u00e9riaux haute performance tels que le composite, la fibre de carbone, et autres alliages innovants forgent la r\u00e9putation d&rsquo;excellence du groupe. <\/p>\n<\/div><\/div>\n\n\n\n<figure class=\"wp-block-video aligncenter\"><video height=\"1080\" style=\"aspect-ratio: 1920 \/ 1080;\" width=\"1920\" autoplay controls loop muted src=\"https:\/\/www.stluxury.fr\/wp-content\/uploads\/Take-Off-22.mp4\"><\/video><\/figure>\n\n\n\n<div class=\"wp-block-media-text has-media-on-the-right is-stacked-on-mobile\"><div class=\"wp-block-media-text__content\">\n<p>En 2021, fort de 30 ans d&rsquo;expertise au service de la Haute-Conception, St\u00e9phane TRENTO, cr\u00e9e ST LUXURY, une Maison de luxe singuli\u00e8re d\u00e9di\u00e9e \u00e0 la cr\u00e9ation de malles et de bagages d&rsquo;exception. <\/p>\n<\/div><figure class=\"wp-block-media-text__media\"><img loading=\"lazy\" decoding=\"async\" width=\"781\" height=\"1024\" src=\"https:\/\/www.stluxury.fr\/wp-content\/uploads\/HERITAGE-48-781x1024.png\" alt=\"\" class=\"wp-image-2276 size-full\" srcset=\"https:\/\/www.stluxury.fr\/wp-content\/uploads\/HERITAGE-48-781x1024.png 781w, https:\/\/www.stluxury.fr\/wp-content\/uploads\/HERITAGE-48-229x300.png 229w, https:\/\/www.stluxury.fr\/wp-content\/uploads\/HERITAGE-48-114x150.png 114w, https:\/\/www.stluxury.fr\/wp-content\/uploads\/HERITAGE-48-768x1007.png 768w, https:\/\/www.stluxury.fr\/wp-content\/uploads\/HERITAGE-48-1172x1536.png 1172w, https:\/\/www.stluxury.fr\/wp-content\/uploads\/HERITAGE-48-9x12.png 9w, https:\/\/www.stluxury.fr\/wp-content\/uploads\/HERITAGE-48-500x655.png 500w, https:\/\/www.stluxury.fr\/wp-content\/uploads\/HERITAGE-48-900x1180.png 900w, https:\/\/www.stluxury.fr\/wp-content\/uploads\/HERITAGE-48.png 1526w\" sizes=\"auto, (max-width: 781px) 100vw, 781px\" \/><\/figure><\/div>\n\n\n\n<figure class=\"wp-block-video aligncenter\"><video height=\"1080\" style=\"aspect-ratio: 1920 \/ 1080;\" width=\"1920\" autoplay controls loop muted src=\"https:\/\/www.stluxury.fr\/wp-content\/uploads\/Take-Off-13.mp4\"><\/video><\/figure>\n\n\n\n<div class=\"wp-block-media-text is-stacked-on-mobile\"><figure class=\"wp-block-media-text__media\"><img loading=\"lazy\" decoding=\"async\" width=\"781\" height=\"1024\" src=\"https:\/\/www.stluxury.fr\/wp-content\/uploads\/HERITAGE-46-781x1024.png\" alt=\"\" class=\"wp-image-2262 size-full\" srcset=\"https:\/\/www.stluxury.fr\/wp-content\/uploads\/HERITAGE-46-781x1024.png 781w, https:\/\/www.stluxury.fr\/wp-content\/uploads\/HERITAGE-46-229x300.png 229w, https:\/\/www.stluxury.fr\/wp-content\/uploads\/HERITAGE-46-114x150.png 114w, https:\/\/www.stluxury.fr\/wp-content\/uploads\/HERITAGE-46-768x1007.png 768w, https:\/\/www.stluxury.fr\/wp-content\/uploads\/HERITAGE-46-1172x1536.png 1172w, https:\/\/www.stluxury.fr\/wp-content\/uploads\/HERITAGE-46-9x12.png 9w, https:\/\/www.stluxury.fr\/wp-content\/uploads\/HERITAGE-46-500x655.png 500w, https:\/\/www.stluxury.fr\/wp-content\/uploads\/HERITAGE-46-900x1180.png 900w, https:\/\/www.stluxury.fr\/wp-content\/uploads\/HERITAGE-46.png 1526w\" sizes=\"auto, (max-width: 781px) 100vw, 781px\" \/><\/figure><div class=\"wp-block-media-text__content\">\n<p>Avec ST LUXURY, il op\u00e8re une rencontre audacieuse entre deux mondes: celui de l&rsquo;ing\u00e9nierie de pr\u00e9cision et celui de l&rsquo;artisanat d&rsquo;art. <\/p>\n\n\n\n<p>Chaque malle, chaque bagage con\u00e7u incarne une qu\u00eate de perfection, o\u00f9 l&rsquo;innovation technique dialogue avec les gestes ancestraux des ma\u00eetres artisans d&rsquo;art. <\/p>\n<\/div><\/div>\n\n\n\n<figure class=\"wp-block-video aligncenter\"><video height=\"1080\" style=\"aspect-ratio: 1920 \/ 1080;\" width=\"1920\" autoplay controls loop muted src=\"https:\/\/www.stluxury.fr\/wp-content\/uploads\/Take-Off-23.mp4\"><\/video><\/figure>\n\n\n\n<div class=\"wp-block-media-text has-media-on-the-right is-stacked-on-mobile\"><div class=\"wp-block-media-text__content\">\n<p>Plong\u00e9e au c\u0153ur d&rsquo;une usine 4.0, ST LUXURY incarne l&rsquo;union harmonieuse entre tradition et innovation. Au c\u0153ur de ses ateliers situ\u00e9s en France, les gestes des ma\u00eetres artisans d&rsquo;art dialoguent avec les technologies de pointes issues de l&rsquo;a\u00e9ronautique. <\/p>\n\n\n\n<div style=\"height:100px\" aria-hidden=\"true\" class=\"wp-block-spacer\"><\/div>\n\n\n\n<p>Cette synergie unique permet de repousser les limites du savoir-faire tout en pr\u00e9servant l&rsquo;excellence artisanale. Chaque cr\u00e9ation na\u00eet ainsi d&rsquo;un \u00e9quilibre entre h\u00e9ritage, pr\u00e9cision et modernit\u00e9. <\/p>\n\n\n\n<div style=\"height:100px\" aria-hidden=\"true\" class=\"wp-block-spacer\"><\/div>\n\n\n\n<p>Une immersion dans l&rsquo;exigence et la ma\u00eetrise du temps&#8230;<\/p>\n<\/div><figure class=\"wp-block-media-text__media\"><img loading=\"lazy\" decoding=\"async\" width=\"781\" height=\"1024\" src=\"https:\/\/www.stluxury.fr\/wp-content\/uploads\/HERITAGE-49-781x1024.png\" alt=\"\" class=\"wp-image-2290 size-full\" srcset=\"https:\/\/www.stluxury.fr\/wp-content\/uploads\/HERITAGE-49-781x1024.png 781w, https:\/\/www.stluxury.fr\/wp-content\/uploads\/HERITAGE-49-229x300.png 229w, https:\/\/www.stluxury.fr\/wp-content\/uploads\/HERITAGE-49-114x150.png 114w, https:\/\/www.stluxury.fr\/wp-content\/uploads\/HERITAGE-49-768x1007.png 768w, https:\/\/www.stluxury.fr\/wp-content\/uploads\/HERITAGE-49-1172x1536.png 1172w, https:\/\/www.stluxury.fr\/wp-content\/uploads\/HERITAGE-49-9x12.png 9w, https:\/\/www.stluxury.fr\/wp-content\/uploads\/HERITAGE-49-500x655.png 500w, https:\/\/www.stluxury.fr\/wp-content\/uploads\/HERITAGE-49-900x1180.png 900w, https:\/\/www.stluxury.fr\/wp-content\/uploads\/HERITAGE-49.png 1526w\" sizes=\"auto, (max-width: 781px) 100vw, 781px\" \/><\/figure><\/div>\n\n\n\n<div class=\"wp-block-media-text is-stacked-on-mobile\"><figure class=\"wp-block-media-text__media\"><img loading=\"lazy\" decoding=\"async\" width=\"781\" height=\"1024\" src=\"https:\/\/www.stluxury.fr\/wp-content\/uploads\/HERITAGE-50-781x1024.png\" alt=\"\" class=\"wp-image-2293 size-full\" srcset=\"https:\/\/www.stluxury.fr\/wp-content\/uploads\/HERITAGE-50-781x1024.png 781w, https:\/\/www.stluxury.fr\/wp-content\/uploads\/HERITAGE-50-229x300.png 229w, https:\/\/www.stluxury.fr\/wp-content\/uploads\/HERITAGE-50-114x150.png 114w, https:\/\/www.stluxury.fr\/wp-content\/uploads\/HERITAGE-50-768x1007.png 768w, https:\/\/www.stluxury.fr\/wp-content\/uploads\/HERITAGE-50-1172x1536.png 1172w, https:\/\/www.stluxury.fr\/wp-content\/uploads\/HERITAGE-50-9x12.png 9w, https:\/\/www.stluxury.fr\/wp-content\/uploads\/HERITAGE-50-500x655.png 500w, https:\/\/www.stluxury.fr\/wp-content\/uploads\/HERITAGE-50-900x1180.png 900w, https:\/\/www.stluxury.fr\/wp-content\/uploads\/HERITAGE-50.png 1526w\" sizes=\"auto, (max-width: 781px) 100vw, 781px\" \/><\/figure><div class=\"wp-block-media-text__content\">\n<p><strong>Savoir-faire a\u00e9ronautique <\/strong><\/p>\n\n\n\n<div style=\"height:100px\" aria-hidden=\"true\" class=\"wp-block-spacer\"><\/div>\n\n\n\n<p>Au c\u0153ur des malles Haute-Conception se cache un savoir-faire directement h\u00e9rit\u00e9 de l&rsquo;industrie a\u00e9ronautique. <\/p>\n\n\n\n<div style=\"height:100px\" aria-hidden=\"true\" class=\"wp-block-spacer\"><\/div>\n\n\n\n<p>Con\u00e7ues avec les m\u00eames mat\u00e9riaux et proc\u00e9d\u00e9s que ceux utilis\u00e9s dans la fabrication des pi\u00e8ces d&rsquo;avions, elles allient l\u00e9g\u00e8ret\u00e9, robustesse, et fiabilit\u00e9. Cette expertise technique ma\u00eetris\u00e9e dans nos ateliers, permet de cr\u00e9er des malles \u00e0 la fois performantes et intemporelles. <\/p>\n<\/div><\/div>\n\n\n\n<figure class=\"wp-block-video aligncenter\"><video height=\"1080\" style=\"aspect-ratio: 1920 \/ 1080;\" width=\"1920\" autoplay controls loop muted src=\"https:\/\/www.stluxury.fr\/wp-content\/uploads\/Take-Off-4.mp4\"><\/video><\/figure>\n\n\n\n<div class=\"wp-block-media-text has-media-on-the-right is-stacked-on-mobile\"><div class=\"wp-block-media-text__content\">\n<p><strong>Gestes d&rsquo;exception <\/strong><\/p>\n\n\n\n<div style=\"height:100px\" aria-hidden=\"true\" class=\"wp-block-spacer\"><\/div>\n\n\n\n<p>Au sein des ateliers ST LUXURY, chaque cr\u00e9ation na\u00eet de la ma\u00eetrise des ma\u00eetres artisans d&rsquo;art. <\/p>\n\n\n\n<div style=\"height:100px\" aria-hidden=\"true\" class=\"wp-block-spacer\"><\/div>\n\n\n\n<p>De la d\u00e9coupe du cuir, \u00e0 l&rsquo;ajustement des finitions, chaque geste traduit une ma\u00eetrise rare et une exigence absolue. <\/p>\n\n\n\n<div style=\"height:100px\" aria-hidden=\"true\" class=\"wp-block-spacer\"><\/div>\n\n\n\n<p>H\u00e9ritiers de traditions d&rsquo;excellence, ces ma\u00eetres artisans d&rsquo;art insufflent \u00e0 chaque pi\u00e8ce une \u00e2me singuli\u00e8re&#8230;<\/p>\n<\/div><figure class=\"wp-block-media-text__media\"><img loading=\"lazy\" decoding=\"async\" width=\"781\" height=\"1024\" src=\"https:\/\/www.stluxury.fr\/wp-content\/uploads\/HERITAGE-51-781x1024.png\" alt=\"\" class=\"wp-image-2299 size-full\" srcset=\"https:\/\/www.stluxury.fr\/wp-content\/uploads\/HERITAGE-51-781x1024.png 781w, https:\/\/www.stluxury.fr\/wp-content\/uploads\/HERITAGE-51-229x300.png 229w, https:\/\/www.stluxury.fr\/wp-content\/uploads\/HERITAGE-51-114x150.png 114w, https:\/\/www.stluxury.fr\/wp-content\/uploads\/HERITAGE-51-768x1007.png 768w, https:\/\/www.stluxury.fr\/wp-content\/uploads\/HERITAGE-51-1172x1536.png 1172w, https:\/\/www.stluxury.fr\/wp-content\/uploads\/HERITAGE-51-9x12.png 9w, https:\/\/www.stluxury.fr\/wp-content\/uploads\/HERITAGE-51-500x655.png 500w, https:\/\/www.stluxury.fr\/wp-content\/uploads\/HERITAGE-51-900x1180.png 900w, https:\/\/www.stluxury.fr\/wp-content\/uploads\/HERITAGE-51.png 1526w\" sizes=\"auto, (max-width: 781px) 100vw, 781px\" \/><\/figure><\/div>\n\n\n\n<p><\/p>","protected":false},"excerpt":{"rendered":"<p>En 2021, fort de 30 ans d&rsquo;expertise au service de la Haute-Conception, St\u00e9phane TRENTO, cr\u00e9e ST [&hellip;]<\/p>\n","protected":false},"author":8,"featured_media":0,"parent":0,"menu_order":0,"comment_status":"closed","ping_status":"closed","template":"","meta":{"footnotes":""},"class_list":["post-693","page","type-page","status-publish","hentry"],"acf":[],"_links":{"self":[{"href":"https:\/\/www.stluxury.fr\/en\/wp-json\/wp\/v2\/pages\/693","targetHints":{"allow":["GET"]}}],"collection":[{"href":"https:\/\/www.stluxury.fr\/en\/wp-json\/wp\/v2\/pages"}],"about":[{"href":"https:\/\/www.stluxury.fr\/en\/wp-json\/wp\/v2\/types\/page"}],"author":[{"embeddable":true,"href":"https:\/\/www.stluxury.fr\/en\/wp-json\/wp\/v2\/users\/8"}],"replies":[{"embeddable":true,"href":"https:\/\/www.stluxury.fr\/en\/wp-json\/wp\/v2\/comments?post=693"}],"version-history":[{"count":110,"href":"https:\/\/www.stluxury.fr\/en\/wp-json\/wp\/v2\/pages\/693\/revisions"}],"predecessor-version":[{"id":2930,"href":"https:\/\/www.stluxury.fr\/en\/wp-json\/wp\/v2\/pages\/693\/revisions\/2930"}],"wp:attachment":[{"href":"https:\/\/www.stluxury.fr\/en\/wp-json\/wp\/v2\/media?parent=693"}],"curies":[{"name":"wp","href":"https:\/\/api.w.org\/{rel}","templated":true}]}}